{"id":27,"date":"2022-03-14T12:20:38","date_gmt":"2022-03-14T11:20:38","guid":{"rendered":"https:\/\/impisandorra.com\/?page_id=27"},"modified":"2022-03-14T23:28:24","modified_gmt":"2022-03-14T22:28:24","slug":"homepage","status":"publish","type":"page","link":"https:\/\/impisandorra.com\/","title":{"rendered":"Escola Idiomes | IMPIS Andorra"},"content":{"rendered":"\t\t<div data-elementor-type=\"wp-page\" data-elementor-id=\"27\" class=\"elementor elementor-27\">\n\t\t\t\t\t\t\t\t\t<section class=\"elementor-section elementor-top-section elementor-element elementor-element-70c1f71 elementor-section-boxed elementor-section-height-default elementor-section-height-default\" data-id=\"70c1f71\" data-element_type=\"section\">\n\t\t\t\t\t\t<div class=\"elementor-container elementor-column-gap-default\">\n\t\t\t\t\t<div class=\"elementor-column elementor-col-100 elementor-top-column elementor-element elementor-element-bd72c73\" data-id=\"bd72c73\" data-element_type=\"column\">\n\t\t\t<div class=\"elementor-widget-wrap elementor-element-populated\">\n\t\t\t\t\t\t\t\t<div class=\"elementor-element elementor-element-b67662f elementor-widget elementor-widget-heading\" data-id=\"b67662f\" data-element_type=\"widget\" data-widget_type=\"heading.default\">\n\t\t\t\t<div class=\"elementor-widget-container\">\n\t\t\t<style>\/*! elementor - v3.13.2 - 11-05-2023 *\/\n.elementor-heading-title{padding:0;margin:0;line-height:1}.elementor-widget-heading .elementor-heading-title[class*=elementor-size-]>a{color:inherit;font-size:inherit;line-height:inherit}.elementor-widget-heading .elementor-heading-title.elementor-size-small{font-size:15px}.elementor-widget-heading .elementor-heading-title.elementor-size-medium{font-size:19px}.elementor-widget-heading .elementor-heading-title.elementor-size-large{font-size:29px}.elementor-widget-heading .elementor-heading-title.elementor-size-xl{font-size:39px}.elementor-widget-heading .elementor-heading-title.elementor-size-xxl{font-size:59px}<\/style><h2 class=\"elementor-heading-title elementor-size-default\">Benvigunts<\/h2>\t\t<\/div>\n\t\t\t\t<\/div>\n\t\t\t\t\t<\/div>\n\t\t<\/div>\n\t\t\t\t\t\t\t<\/div>\n\t\t<\/section>\n\t\t\t\t\t\t\t<\/div>\n\t\t","protected":false},"excerpt":{"rendered":"<p>Benvigunts<\/p>\n","protected":false},"author":1,"featured_media":0,"parent":0,"menu_order":0,"comment_status":"closed","ping_status":"closed","template":"","meta":[],"yoast_head":"<!-- This site is optimized with the Yoast SEO plugin v20.7 - https:\/\/yoast.com\/wordpress\/plugins\/seo\/ -->\r\n<title>Escola Idiomes | IMPIS Andorra - Ensenyem idiomes<\/title>\r\n<meta name=\"description\" content=\"Desde fa 20 anys ensenyem idiomes a casa o on-line, catal\u00e0, castell\u00e0, rus i angl\u00e8s. Preparem als ex\u00e0mens oficials de nivell.\" \/>\r\n<meta name=\"robots\" content=\"index, follow, max-snippet:-1, max-image-preview:large, max-video-preview:-1\" \/>\r\n<link rel=\"canonical\" href=\"https:\/\/impisandorra.com\/\" \/>\r\n<meta property=\"og:locale\" content=\"en_US\" \/>\r\n<meta property=\"og:type\" content=\"article\" \/>\r\n<meta property=\"og:title\" content=\"Escola Idiomes | IMPIS Andorra - Ensenyem idiomes\" \/>\r\n<meta property=\"og:description\" content=\"Desde fa 20 anys ensenyem idiomes a casa o on-line, catal\u00e0, castell\u00e0, rus i angl\u00e8s. Preparem als ex\u00e0mens oficials de nivell.\" \/>\r\n<meta property=\"og:url\" content=\"https:\/\/impisandorra.com\/\" \/>\r\n<meta property=\"og:site_name\" content=\"IMPIS Escola d&#039;Idiomes\" \/>\r\n<meta property=\"article:modified_time\" content=\"2022-03-14T22:28:24+00:00\" \/>\r\n<meta name=\"twitter:card\" content=\"summary_large_image\" \/>\r\n<script type=\"application\/ld+json\" class=\"yoast-schema-graph\">{\"@context\":\"https:\/\/schema.org\",\"@graph\":[{\"@type\":\"WebPage\",\"@id\":\"https:\/\/impisandorra.com\/\",\"url\":\"https:\/\/impisandorra.com\/\",\"name\":\"Escola Idiomes | IMPIS Andorra - Ensenyem idiomes\",\"isPartOf\":{\"@id\":\"https:\/\/impisandorra.com\/#website\"},\"datePublished\":\"2022-03-14T11:20:38+00:00\",\"dateModified\":\"2022-03-14T22:28:24+00:00\",\"description\":\"Desde fa 20 anys ensenyem idiomes a casa o on-line, catal\u00e0, castell\u00e0, rus i angl\u00e8s. Preparem als ex\u00e0mens oficials de nivell.\",\"breadcrumb\":{\"@id\":\"https:\/\/impisandorra.com\/#breadcrumb\"},\"inLanguage\":\"en-US\",\"potentialAction\":[{\"@type\":\"ReadAction\",\"target\":[\"https:\/\/impisandorra.com\/\"]}]},{\"@type\":\"BreadcrumbList\",\"@id\":\"https:\/\/impisandorra.com\/#breadcrumb\",\"itemListElement\":[{\"@type\":\"ListItem\",\"position\":1,\"name\":\"Home\",\"item\":\"https:\/\/impisandorra.com\/\"},{\"@type\":\"ListItem\",\"position\":2,\"name\":\"Escola Idiomes | IMPIS Andorra\"}]},{\"@type\":\"WebSite\",\"@id\":\"https:\/\/impisandorra.com\/#website\",\"url\":\"https:\/\/impisandorra.com\/\",\"name\":\"IMPIS Escola d&#039;Idiomes\",\"description\":\"Iniciaci\u00f3 Millora i Perfeccionament d&#039;Idiomes Santa\u00f1es\",\"potentialAction\":[{\"@type\":\"SearchAction\",\"target\":{\"@type\":\"EntryPoint\",\"urlTemplate\":\"https:\/\/impisandorra.com\/?s={search_term_string}\"},\"query-input\":\"required name=search_term_string\"}],\"inLanguage\":\"en-US\"}]}<\/script>\r\n<!-- \/ Yoast SEO plugin. -->","yoast_head_json":{"title":"Escola Idiomes | IMPIS Andorra - Ensenyem idiomes","description":"Desde fa 20 anys ensenyem idiomes a casa o on-line, catal\u00e0, castell\u00e0, rus i angl\u00e8s. Preparem als ex\u00e0mens oficials de nivell.","robots":{"index":"index","follow":"follow","max-snippet":"max-snippet:-1","max-image-preview":"max-image-preview:large","max-video-preview":"max-video-preview:-1"},"canonical":"https:\/\/impisandorra.com\/","og_locale":"en_US","og_type":"article","og_title":"Escola Idiomes | IMPIS Andorra - Ensenyem idiomes","og_description":"Desde fa 20 anys ensenyem idiomes a casa o on-line, catal\u00e0, castell\u00e0, rus i angl\u00e8s. Preparem als ex\u00e0mens oficials de nivell.","og_url":"https:\/\/impisandorra.com\/","og_site_name":"IMPIS Escola d&#039;Idiomes","article_modified_time":"2022-03-14T22:28:24+00:00","twitter_card":"summary_large_image","schema":{"@context":"https:\/\/schema.org","@graph":[{"@type":"WebPage","@id":"https:\/\/impisandorra.com\/","url":"https:\/\/impisandorra.com\/","name":"Escola Idiomes | IMPIS Andorra - Ensenyem idiomes","isPartOf":{"@id":"https:\/\/impisandorra.com\/#website"},"datePublished":"2022-03-14T11:20:38+00:00","dateModified":"2022-03-14T22:28:24+00:00","description":"Desde fa 20 anys ensenyem idiomes a casa o on-line, catal\u00e0, castell\u00e0, rus i angl\u00e8s. Preparem als ex\u00e0mens oficials de nivell.","breadcrumb":{"@id":"https:\/\/impisandorra.com\/#breadcrumb"},"inLanguage":"en-US","potentialAction":[{"@type":"ReadAction","target":["https:\/\/impisandorra.com\/"]}]},{"@type":"BreadcrumbList","@id":"https:\/\/impisandorra.com\/#breadcrumb","itemListElement":[{"@type":"ListItem","position":1,"name":"Home","item":"https:\/\/impisandorra.com\/"},{"@type":"ListItem","position":2,"name":"Escola Idiomes | IMPIS Andorra"}]},{"@type":"WebSite","@id":"https:\/\/impisandorra.com\/#website","url":"https:\/\/impisandorra.com\/","name":"IMPIS Escola d&#039;Idiomes","description":"Iniciaci\u00f3 Millora i Perfeccionament d&#039;Idiomes Santa\u00f1es","potentialAction":[{"@type":"SearchAction","target":{"@type":"EntryPoint","urlTemplate":"https:\/\/impisandorra.com\/?s={search_term_string}"},"query-input":"required name=search_term_string"}],"inLanguage":"en-US"}]}},"_links":{"self":[{"href":"https:\/\/impisandorra.com\/index.php?rest_route=\/wp\/v2\/pages\/27"}],"collection":[{"href":"https:\/\/impisandorra.com\/index.php?rest_route=\/wp\/v2\/pages"}],"about":[{"href":"https:\/\/impisandorra.com\/index.php?rest_route=\/wp\/v2\/types\/page"}],"author":[{"embeddable":true,"href":"https:\/\/impisandorra.com\/index.php?rest_route=\/wp\/v2\/users\/1"}],"replies":[{"embeddable":true,"href":"https:\/\/impisandorra.com\/index.php?rest_route=%2Fwp%2Fv2%2Fcomments&post=27"}],"version-history":[{"count":6,"href":"https:\/\/impisandorra.com\/index.php?rest_route=\/wp\/v2\/pages\/27\/revisions"}],"predecessor-version":[{"id":201,"href":"https:\/\/impisandorra.com\/index.php?rest_route=\/wp\/v2\/pages\/27\/revisions\/201"}],"wp:attachment":[{"href":"https:\/\/impisandorra.com\/index.php?rest_route=%2Fwp%2Fv2%2Fmedia&parent=27"}],"curies":[{"name":"wp","href":"https:\/\/api.w.org\/{rel}","templated":true}]}}